{"id":7632,"date":"2024-02-27T08:53:35","date_gmt":"2024-02-27T08:53:35","guid":{"rendered":"https:\/\/www.mirjanavodopija.net\/?page_id=7632"},"modified":"2025-06-11T11:34:43","modified_gmt":"2025-06-11T10:34:43","slug":"about","status":"publish","type":"page","link":"https:\/\/www.mirjanavodopija.net\/hr\/about\/","title":{"rendered":"About"},"content":{"rendered":"<div data-elementor-type=\"wp-page\" data-elementor-id=\"7632\" class=\"elementor elementor-7632\">\n\t\t\t\t\t\t\t<div class=\"elementor-element elementor-element-e9caa31 e-flex e-con-boxed e-con e-parent\" data-id=\"e9caa31\" data-element_type=\"container\" data-settings=\"{&quot;content_width&quot;:&quot;boxed&quot;}\" data-core-v316-plus=\"true\">\n\t\t\t\t\t<div class=\"e-con-inner\">\n\t\t<div class=\"elementor-element elementor-element-ba4f4d6 e-con-full elementor-hidden-mobile e-flex e-con e-child\" data-id=\"ba4f4d6\" data-element_type=\"container\" data-settings=\"{&quot;content_width&quot;:&quot;full&quot;}\">\n\t\t\t\t<\/div>\n\t\t<div class=\"elementor-element elementor-element-2d86664 e-con-full e-flex e-con e-child\" data-id=\"2d86664\" data-element_type=\"container\" data-settings=\"{&quot;content_width&quot;:&quot;full&quot;}\">\n\t\t<div class=\"elementor-element elementor-element-67d3716 e-flex e-con-boxed e-con e-child\" data-id=\"67d3716\" data-element_type=\"container\" data-settings=\"{&quot;content_width&quot;:&quot;boxed&quot;}\">\n\t\t\t\t\t<div class=\"e-con-inner\">\n\t\t<div class=\"elementor-element elementor-element-f4e3744 e-con-full e-flex e-con e-child\" data-id=\"f4e3744\" data-element_type=\"container\" data-settings=\"{&quot;content_width&quot;:&quot;full&quot;}\">\n\t\t\t\t<div class=\"elementor-element elementor-element-cfb9d58 elementor-widget elementor-widget-text-editor\" data-id=\"cfb9d58\" data-element_type=\"widget\" data-widget_type=\"text-editor.default\">\n\t\t\t\t<div class=\"elementor-widget-container\">\n\t\t\t<style>\/*! elementor - v3.18.0 - 20-12-2023 *\/\n.elementor-widget-text-editor.elementor-drop-cap-view-stacked .elementor-drop-cap{background-color:#69727d;color:#fff}.elementor-widget-text-editor.elementor-drop-cap-view-framed .elementor-drop-cap{color:#69727d;border:3px solid;background-color:transparent}.elementor-widget-text-editor:not(.elementor-drop-cap-view-default) .elementor-drop-cap{margin-top:8px}.elementor-widget-text-editor:not(.elementor-drop-cap-view-default) .elementor-drop-cap-letter{width:1em;height:1em}.elementor-widget-text-editor .elementor-drop-cap{float:left;text-align:center;line-height:1;font-size:50px}.elementor-widget-text-editor .elementor-drop-cap-letter{display:inline-block}<\/style>\t\t\t\t<p>Mirjana Vodopija (ro\u0111ena 1963.) vizualna je umjetnica koja se u svom radu bavi pitanjima svijesti, identiteta i percepcije vremena i prostora, \u010desto pro\u017eimaju\u0107i razli\u010dite umjetni\u010dke discipline i medije: crte\u017e, grafiku, fotografiju, objekt, instalaciju, video instalaciju i ambijent.<\/p><p>Diplomirala je 1987. godine na Akademiji likovnih umjetnosti Sveu\u010dili\u0161ta u Zagrebu.<\/br><\/br>\nOstvarila je 42 samostalne izlo\u017ebe i sudjelovala na preko 250 skupnih izlo\u017ebi i kustoskih koncepcija, umjetni\u010dkih simpozija, rezidencijalnih projekata i stru\u010dnih usavr\u0161avanja u svijetu.<\/p><p class=\" translation-block\">Dobitnica je 15 nagrada nacionalnog i me\u0111unarodnog karaktera za svoj umjetni\u010dki rad, od kojih su najzna\u010dajnije: 2020. Godi\u0161nja nagrada Vladimir Nazor Ministarstva kulture i medija RH za najbolju izlo\u017ebu u 2019. godini, 2020. Godi\u0161nja nagrada HDLU-a za najbolju izlo\u017ebu u 2019. godini (obje za izlo\u017ebu <a href=\"http:\/\/www.msu.hr\/dogadanja\/mirjana-vodopija-the-wandering-landscape\/106\/hr.html\" target=\"_self\"><em>Lutaju\u0107i krajolik<\/em><\/a> u MSU u Zagrebu)., 2006. Plaketa HAZU na 4. hrvatskom trijenalu grafike u Zagrebu, 2001. 1. nagrada na International Triennial of Graphic Arts u Pragu  i 2000. Godi\u0161nja nagrada HDLU-a mladom umjetniku. <\/br><\/br>\nOd 1998. do danas djeluje i kao autorica brojnih scenografija, vizualnih identiteta emisija te videa u produkciji Hrvatske televizije. Oblikovala je glazbene, plesne i promid\u017ebene videe te koncertne i kazali\u0161ne scenografije.<\/p><p>Od 2007. godine predaje na Grafi\u010dkom odsjeku Akademije likovnih umjetnosti Sveu\u010dili\u0161ta u Zagrebu, od 2023. godine u zvanju redovite profesorice u trajnom zvanju.  <\/br><\/br>\n2023. godine stekla je doktorat umjetnosti na temelju umjetni\u010dkih dostignu\u0107a u umjetni\u010dkom podru\u010dju Likovne umjetnosti, polje Grafika, za ostvarenje umjetni\u010dkog projekta <a href=\"http:\/\/www.msu.hr\/dogadanja\/mirjana-vodopija-the-wandering-landscape\/106\/hr.html\" target=\"_self\"><em>Lutaju\u0107i krajolik<\/em><\/a>, izlo\u017eba u Muzeju suvremene umjetnosti u Zagrebu, predstavljenog 2019. godine.<\/p><p>Izdvojene me\u0111unarodne izlo\u017ebe od 2000. godine do danas:<\/p><p>2024 <a href=\"https:\/\/www.kunsthalle-trier.de\/2023\/12\/06\/sunpoiesis-from-ego-to-eco-centrism-in-art\/?lang=en\">S\u00fanPo\u00ed\u0113sis: From Ego- to Eco-Centrism through Art<\/a>, Kunsthalle Trier, Trier, Njema\u010dka<\/p><p>2021 <a href=\"https:\/\/museorevoltella.it\/zagabria-la-citta-delle-artiste\/\">ZAGABRIA, la citt\u00e0 delle artiste<\/a>, Museo Revoltella, Trst, Italija<\/p><p>2019 <a href=\"http:\/\/wro2019.wrocenter.pl\/en\/works\/vibrating-landscape\/\"><em>WRO Media Art Biennale<\/em><\/a> <a href=\"http:\/\/wro2019.wrocenter.pl\/en\/works\/vibrating-landscape\/\"><em>Human Aspect<\/em><\/a><a href=\"http:\/\/wro2019.wrocenter.pl\/en\/works\/vibrating-landscape\/\"> and <\/a><a href=\"http:\/\/wro2019.wrocenter.pl\/en\/works\/vibrating-landscape\/\"><em>Musica Electronica Nova Festival<\/em><\/a><a href=\"http:\/\/wro2019.wrocenter.pl\/en\/works\/vibrating-landscape\/\">,<\/a> National Forum of Music, Wroclaw, Poljska<\/p><p>2018 <a href=\"http:\/\/www.msu.hr\/dogadanja\/Device_art%20festival%206.018:%20Machines%20Are%20Not%20Alone\/18\/en.html\"><em>Device_art festival 6.018: Machines Are Not Alone, <\/em><\/a>MSU, Zagreb<\/p><p>2017 <a href=\"https:\/\/www.cnap.fr\/comme-les-chutes-deau-deja-tremblent-dedans-la-source\"><em>Comme les chutes d&#8217;eau <\/em><em><u>d\u00e9j\u00e0<\/u><\/em><em> tremblent dedans la source<\/em><\/a><a href=\"https:\/\/www.cnap.fr\/comme-les-chutes-deau-deja-tremblent-dedans-la-source\">, artistes de la collection<\/a>, Espace arts plastiques Madeleine \u2013 Lambert, V\u00e9nissieux, Francuska<\/p><p>2015 <a href=\"https:\/\/trustarts.org\/exhibit\/8272\/absence-of-self\"><em>In the Absence of Self,<\/em><\/a> Woodstreet Galleries, Pittsburgh, SAD<\/p><p>2014 <a href=\"https:\/\/vimeo.com\/117795033\"><em>Structures of the invisible<\/em><\/a><a href=\"https:\/\/vimeo.com\/117795033\">,<\/a> Fondation Vasarely, Aix-en-Provence, Francuska<\/p><p>2013 <a href=\"https:\/\/camera-austria.at\/ausstellungen\/zero-point-of-meaning\/\"><em>Zero Point of Meaning <\/em><\/a><em>&#8211; Non-functional, Non-representational, Elementary, Experimental and Conceptual Photography in Croatia,<\/em> Camera Austria, Graz, Austrija<\/p><p>2009 <a href=\"https:\/\/www.echigo-tsumari.jp\/en\/art\/artist\/mirjana-vodopija-kristina-lenard\/\"><em>Echigo-Tsumari Art Triennial<\/em><\/a>, Echigo \u2013 Tsumari region, Japan<\/p><p>2007 <a href=\"https:\/\/www.delhievents.com\/2007\/10\/painting-photography-sculpture.html\"><em>Contemporary Croatian Art<\/em><\/a><a href=\"https:\/\/www.delhievents.com\/2007\/10\/painting-photography-sculpture.html\">,<\/a> Lalit Kala Academy, New Delhi, India \/ 2006 10. International Cairo Biennale, Kairo, Egipat<\/p><p>2005 <a href=\"https:\/\/www.exibart.com\/evento-arte\/materika-mostra-internazionale-di-scultura\/\"><em>MATERIKA<\/em><\/a><a href=\"https:\/\/www.exibart.com\/evento-arte\/materika-mostra-internazionale-di-scultura\/\">, <\/a><a href=\"https:\/\/www.exibart.com\/evento-arte\/materika-mostra-internazionale-di-scultura\/\"><em>Aspetti della scultura\u00a0 contemporanea tra Austria, Croazia, Italia e Slovenia<\/em><\/a>, Castello di Gorizia, Gorizia, Italija<\/p><p>2005 <a href=\"http:\/\/www.rigasgalerija.com\/inner.php?menu=arch2&amp;cont=52&amp;lang=en\"><em>Linear Structures, Drawing in Contemporary Croatian Art<\/em><\/a><em>, <\/em>Riga Gallery, Riga, Latvija<\/p><p>2004 <em>Exhibition of prize winners of the 3<sup>.<\/sup> International Triennial of Graphic Arts Prague<\/em>, Czech Museum of Fine Arts, Prag, \u010ce\u0161ka<\/p><p>2001 8. International Cairo Biennale, Kairo, Egipat<\/p><p class=\" translation-block\">Djela su joj uvr\u0161tena u zbirke va\u017enijih hrvatskih muzeja i galerija, u privatne te nekoliko inozemnih umjetni\u010dkih zbirki kao \u0161to je <a href=\"https:\/\/tamarind.unm.edu\/?s=Vodopija\" target=\"_self\">Print Inventory of the Tamarind Institute, Albuquerque<\/a>, New Mexico, SAD.  Grafike su ostvarene tijekom dva rezidencijalna projekta u Tamarind Institute and Santa Fe Art Institute in Albuquerque: Connections (2002), and Re Connections, (2004).<\/p><p>O njenom radu pisali su teoreti\u010dari umjetnosti, u publikacijama izlo\u017ebi i projekata, knjigama, doma\u0107im i inozemnim stru\u010dnim i umjetni\u010dkim \u010dasopisima, u kulturnim rubrikama brojnih mjese\u010dnika, tjednika, \u010dasopisa i revija i u dnevnom tisku. Opse\u017ena monografija o njenom umjetni\u010dkom radu s tekstom povjesni\u010dara umjetnosti Branka Franceschija objavljena je 2004. godine u izdanju nakladni\u010dke ku\u0107e Fraktura, Zapre\u0161i\u0107.<br \/><a href=\"https:\/\/www.jesenski-turk.hr\/en\/mirjana-vodopija-2004-ur-branko-franceschi-1\">www.jesenski-turk.hr\/en\/mirjana-vodopija-2004-ur-branko-franceschi-1<\/a><\/p><p class=\" translation-block\">Izdvojene publikacije: Mirjana Vodopija: <i>Lutaju\u0107i krajolik<\/i>,  publikacija umjetni\u010dkog projekta i izlo\u017ebe, tekstovi: Martina Munivrana (kustosica), Mirjana Vodopija, Zagreb: Muzej suvremene umjetnosti,  2019. \/ Mirjana Vodopija: <i>Nepovratno<\/i>, publikacija umjetni\u010dkog projekta i izlo\u017ebe, tekstovi: Janka Vukmir (kustosica), Mirjana Vodopija, Zagreb: Umjetni\u010dki paviljon, 2013.<\/p><p class=\" translation-block\"><a href=\"http:\/\/www.go.alu.hr\/?portfolio=avakai\" target=\"_self\">www.go.alu.hr\/?portfolio=avakai<\/a><\/p><p><a href=\"https:\/\/croatian-photography.com\/en\/author\/mirjana-vodopija-2\/\">croatian-photography.com\/en\/author\/ mirjana-vodopija-2<\/a><\/p><p><a href=\"https:\/\/vectorhackfestival.com\/2022\/project\/mirjana-vodopija\/\">vectorhackfestival.com\/2022\/project\/ mirjana-vodopija<\/a><\/p><p><a href=\"https:\/\/hr.wikipedia.org\/wiki\/Mirjana_Vodopija\">hr.wikipedia.org\/wiki\/Mirjana_Vodopija<\/a><\/p><p>Kontakt:<\/p><p>Mirjana Vodopija<\/p><p>Savska cesta 1a, 10000 Zagreb<\/p><p>mv.mirjana<span class=\"spamprotection\">CHARACTER SEQUENCE<\/span>@gmail.com<\/p><p>+38591 50 88 666<\/p>\t\t\t\t\t\t<\/div>\n\t\t\t\t<\/div>\n\t\t\t\t<\/div>\n\t\t\t\t\t<\/div>\n\t\t\t\t<\/div>\n\t\t\t\t<\/div>\n\t\t\t\t\t<\/div>\n\t\t\t\t<\/div>\n\t\t\t\t\t\t\t<\/div>","protected":false},"excerpt":{"rendered":"<p>MIRJANA VODOPIJA (b. 1963) is visual artist who employs motifs from nature to problematize the notions of consciousness, identity and [&hellip;]<\/p>","protected":false},"author":1,"featured_media":0,"parent":0,"menu_order":0,"comment_status":"closed","ping_status":"closed","template":"","meta":{"site-sidebar-layout":"no-sidebar","site-content-layout":"","ast-site-content-layout":"full-width-container","site-content-style":"default","site-sidebar-style":"default","ast-global-header-display":"","ast-banner-title-visibility":"","ast-main-header-display":"","ast-hfb-above-header-display":"","ast-hfb-below-header-display":"","ast-hfb-mobile-header-display":"","site-post-title":"disabled","ast-breadcrumbs-content":"","ast-featured-img":"disabled","footer-sml-layout":"","theme-transparent-header-meta":"","adv-header-id-meta":"","stick-header-meta":"","header-above-stick-meta":"","header-main-stick-meta":"","header-below-stick-meta":"","astra-migrate-meta-layouts":"default","ast-page-background-enabled":"default","ast-page-background-meta":{"desktop":{"background-color":"var(--ast-global-color-4)","background-image":"","background-repeat":"repeat","background-position":"center center","background-size":"auto","background-attachment":"scroll","background-type":"","background-media":"","overlay-type":"","overlay-color":"","overlay-gradient":""},"tablet":{"background-color":"","background-image":"","background-repeat":"repeat","background-position":"center center","background-size":"auto","background-attachment":"scroll","background-type":"","background-media":"","overlay-type":"","overlay-color":"","overlay-gradient":""},"mobile":{"background-color":"","background-image":"","background-repeat":"repeat","background-position":"center center","background-size":"auto","background-attachment":"scroll","background-type":"","background-media":"","overlay-type":"","overlay-color":"","overlay-gradient":""}},"ast-content-background-meta":{"desktop":{"background-color":"var(--ast-global-color-5)","background-image":"","background-repeat":"repeat","background-position":"center center","background-size":"auto","background-attachment":"scroll","background-type":"","background-media":"","overlay-type":"","overlay-color":"","overlay-gradient":""},"tablet":{"background-color":"var(--ast-global-color-5)","background-image":"","background-repeat":"repeat","background-position":"center center","background-size":"auto","background-attachment":"scroll","background-type":"","background-media":"","overlay-type":"","overlay-color":"","overlay-gradient":""},"mobile":{"background-color":"var(--ast-global-color-5)","background-image":"","background-repeat":"repeat","background-position":"center center","background-size":"auto","background-attachment":"scroll","background-type":"","background-media":"","overlay-type":"","overlay-color":"","overlay-gradient":""}},"footnotes":""},"categories":[],"tags":[],"_links":{"self":[{"href":"https:\/\/www.mirjanavodopija.net\/hr\/wp-json\/wp\/v2\/pages\/7632"}],"collection":[{"href":"https:\/\/www.mirjanavodopija.net\/hr\/wp-json\/wp\/v2\/pages"}],"about":[{"href":"https:\/\/www.mirjanavodopija.net\/hr\/wp-json\/wp\/v2\/types\/page"}],"author":[{"embeddable":true,"href":"https:\/\/www.mirjanavodopija.net\/hr\/wp-json\/wp\/v2\/users\/1"}],"replies":[{"embeddable":true,"href":"https:\/\/www.mirjanavodopija.net\/hr\/wp-json\/wp\/v2\/comments?post=7632"}],"version-history":[{"count":97,"href":"https:\/\/www.mirjanavodopija.net\/hr\/wp-json\/wp\/v2\/pages\/7632\/revisions"}],"predecessor-version":[{"id":8998,"href":"https:\/\/www.mirjanavodopija.net\/hr\/wp-json\/wp\/v2\/pages\/7632\/revisions\/8998"}],"wp:attachment":[{"href":"https:\/\/www.mirjanavodopija.net\/hr\/wp-json\/wp\/v2\/media?parent=7632"}],"wp:term":[{"taxonomy":"category","embeddable":true,"href":"https:\/\/www.mirjanavodopija.net\/hr\/wp-json\/wp\/v2\/categories?post=7632"},{"taxonomy":"post_tag","embeddable":true,"href":"https:\/\/www.mirjanavodopija.net\/hr\/wp-json\/wp\/v2\/tags?post=7632"}],"curies":[{"name":"wp","href":"https:\/\/api.w.org\/{rel}","templated":true}]}}