{"id":7394,"date":"2024-02-26T15:52:23","date_gmt":"2024-02-26T15:52:23","guid":{"rendered":"https:\/\/www.mirjanavodopija.net\/?page_id=7394"},"modified":"2025-06-13T09:13:50","modified_gmt":"2025-06-13T08:13:50","slug":"vibrating-landscape","status":"publish","type":"page","link":"https:\/\/www.mirjanavodopija.net\/hr\/vibrating-landscape\/","title":{"rendered":"Vibriraju\u0107i pejza\u017e"},"content":{"rendered":"<div data-elementor-type=\"wp-page\" data-elementor-id=\"7394\" class=\"elementor elementor-7394\">\n\t\t\t\t\t\t\t<div class=\"elementor-element elementor-element-e9caa31 e-flex e-con-boxed e-con e-parent\" data-id=\"e9caa31\" data-element_type=\"container\" data-settings=\"{&quot;content_width&quot;:&quot;boxed&quot;}\" data-core-v316-plus=\"true\">\n\t\t\t\t\t<div class=\"e-con-inner\">\n\t\t<div class=\"elementor-element elementor-element-ba4f4d6 e-con-full elementor-hidden-mobile e-flex e-con e-child\" data-id=\"ba4f4d6\" data-element_type=\"container\" data-settings=\"{&quot;content_width&quot;:&quot;full&quot;}\">\n\t\t<div class=\"elementor-element elementor-element-f2a9e90 elementor-hidden-desktop elementor-hidden-tablet elementor-hidden-mobile e-flex e-con-boxed e-con e-child\" data-id=\"f2a9e90\" data-element_type=\"container\" data-settings=\"{&quot;content_width&quot;:&quot;boxed&quot;}\">\n\t\t\t\t\t<div class=\"e-con-inner\">\n\t\t\t\t<div class=\"elementor-element elementor-element-49a5953 elementor-widget elementor-widget-image\" data-id=\"49a5953\" data-element_type=\"widget\" data-widget_type=\"image.default\">\n\t\t\t\t<div class=\"elementor-widget-container\">\n\t\t\t<style>\/*! elementor - v3.18.0 - 20-12-2023 *\/\n.elementor-widget-image{text-align:center}.elementor-widget-image a{display:inline-block}.elementor-widget-image a img[src$=\".svg\"]{width:48px}.elementor-widget-image img{vertical-align:middle;display:inline-block}<\/style>\t\t\t\t\t\t\t\t\t\t\t\t\t<a href=\"#1\">\n\t\t\t\t\t\t\t<img decoding=\"async\" width=\"150\" height=\"150\" src=\"https:\/\/www.mirjanavodopija.net\/wp-content\/uploads\/04-1-1-Mogucnost-volja-odluka-djelovanje-Led-Bijelo-i-Odlazak-150x150.jpg\" class=\"attachment-thumbnail size-thumbnail wp-image-7268\" alt=\"\" \/>\t\t\t\t\t\t\t\t<\/a>\n\t\t\t\t\t\t\t\t\t\t\t\t\t\t\t<\/div>\n\t\t\t\t<\/div>\n\t\t\t\t<div class=\"elementor-element elementor-element-2137cb3 elementor-widget elementor-widget-image\" data-id=\"2137cb3\" data-element_type=\"widget\" data-widget_type=\"image.default\">\n\t\t\t\t<div class=\"elementor-widget-container\">\n\t\t\t\t\t\t\t\t\t\t\t\t\t\t\t\t<a href=\"#2\">\n\t\t\t\t\t\t\t<img decoding=\"async\" src=\"https:\/\/www.mirjanavodopija.net\/wp-content\/uploads\/02-02-1-Interijer-u-procjepu-1-scaled.jpg\" title=\"\" alt=\"\" loading=\"lazy\" \/>\t\t\t\t\t\t\t\t<\/a>\n\t\t\t\t\t\t\t\t\t\t\t\t\t\t\t<\/div>\n\t\t\t\t<\/div>\n\t\t\t\t\t<\/div>\n\t\t\t\t<\/div>\n\t\t\t\t<\/div>\n\t\t<div class=\"elementor-element elementor-element-2d86664 e-con-full e-flex e-con e-child\" data-id=\"2d86664\" data-element_type=\"container\" data-settings=\"{&quot;content_width&quot;:&quot;full&quot;}\">\n\t\t\t\t<div class=\"elementor-element elementor-element-89e21ef elementor-widget-mobile__width-inherit elementor-widget elementor-widget-heading\" data-id=\"89e21ef\" data-element_type=\"widget\" data-widget_type=\"heading.default\">\n\t\t\t\t<div class=\"elementor-widget-container\">\n\t\t\t<style>\/*! elementor - v3.18.0 - 20-12-2023 *\/\n.elementor-heading-title{padding:0;margin:0;line-height:1}.elementor-widget-heading .elementor-heading-title[class*=elementor-size-]>a{color:inherit;font-size:inherit;line-height:inherit}.elementor-widget-heading .elementor-heading-title.elementor-size-small{font-size:15px}.elementor-widget-heading .elementor-heading-title.elementor-size-medium{font-size:19px}.elementor-widget-heading .elementor-heading-title.elementor-size-large{font-size:29px}.elementor-widget-heading .elementor-heading-title.elementor-size-xl{font-size:39px}.elementor-widget-heading .elementor-heading-title.elementor-size-xxl{font-size:59px}<\/style><h1 class=\"elementor-heading-title elementor-size-default\">Vibriraju\u0107i pejza\u017e<\/h1>\t\t<\/div>\n\t\t\t\t<\/div>\n\t\t<div class=\"elementor-element elementor-element-67d3716 e-flex e-con-boxed e-con e-child\" data-id=\"67d3716\" data-element_type=\"container\" data-settings=\"{&quot;content_width&quot;:&quot;boxed&quot;}\">\n\t\t\t\t\t<div class=\"e-con-inner\">\n\t\t<div class=\"elementor-element elementor-element-f4e3744 e-con-full e-flex e-con e-child\" data-id=\"f4e3744\" data-element_type=\"container\" data-settings=\"{&quot;content_width&quot;:&quot;full&quot;}\">\n\t\t\t\t<div class=\"elementor-element elementor-element-a09f666 elementor-widget elementor-widget-heading\" data-id=\"a09f666\" data-element_type=\"widget\" data-widget_type=\"heading.default\">\n\t\t\t\t<div class=\"elementor-widget-container\">\n\t\t\t<h2 class=\"elementor-heading-title elementor-size-default\">Vibriraju\u0107i pejza\u017e<\/h2>\t\t<\/div>\n\t\t\t\t<\/div>\n\t\t\t\t<div class=\"elementor-element elementor-element-a901dff elementor-widget elementor-widget-text-editor\" data-id=\"a901dff\" data-element_type=\"widget\" data-widget_type=\"text-editor.default\">\n\t\t\t\t<div class=\"elementor-widget-container\">\n\t\t\t<style>\/*! elementor - v3.18.0 - 20-12-2023 *\/\n.elementor-widget-text-editor.elementor-drop-cap-view-stacked .elementor-drop-cap{background-color:#69727d;color:#fff}.elementor-widget-text-editor.elementor-drop-cap-view-framed .elementor-drop-cap{color:#69727d;border:3px solid;background-color:transparent}.elementor-widget-text-editor:not(.elementor-drop-cap-view-default) .elementor-drop-cap{margin-top:8px}.elementor-widget-text-editor:not(.elementor-drop-cap-view-default) .elementor-drop-cap-letter{width:1em;height:1em}.elementor-widget-text-editor .elementor-drop-cap{float:left;text-align:center;line-height:1;font-size:50px}.elementor-widget-text-editor .elementor-drop-cap-letter{display:inline-block}<\/style>\t\t\t\t<p class=\"p1 translation-block\">2018.<br> \nkineti\u010dki objekt, metalna konstrukcija, elektromotori, elektroni\u010dki sklopovi, elasti\u010dne niti<br>\n200 x 106 x 40 cm<br>\nRad je tehni\u010dki razra\u0111en i izveden sa suradnikom Leonardom Krle\u017eom, uz koprodukciju Kontejner - biroa suvremene umjetni\u010dke prakse i Ministarstva kulture i medija RH.<\/p>\t\t\t\t\t\t<\/div>\n\t\t\t\t<\/div>\n\t\t\t\t<div class=\"elementor-element elementor-element-cfb9d58 elementor-widget elementor-widget-text-editor\" data-id=\"cfb9d58\" data-element_type=\"widget\" data-widget_type=\"text-editor.default\">\n\t\t\t\t<div class=\"elementor-widget-container\">\n\t\t\t\t\t\t\t<p class=\"p1\">Vibriraju\u0107i pejza\u017e je objekt oblikovan prema osobnoj nostalgiji i svakodnevnoj \u017eudnji za  otvorenim prostorom. Objekt sadr\u017ei dualnost izme\u0111u ogra\u0111enog prostora, izvori\u0161ta vibracija i simuliranog otvorenog prostora, polja mogu\u0107nosti u koje vibracije generiraju kineti\u010dki pejza\u017e. Izgled i dinamika krajolika mijenjaju se u programiranom, ali nikada ponavljaju\u0107m slijedu.<\/p>\t\t\t\t\t\t<\/div>\n\t\t\t\t<\/div>\n\t\t\t\t<\/div>\n\t\t<div class=\"elementor-element elementor-element-04e4cac e-con-full e-flex e-con e-child\" data-id=\"04e4cac\" data-element_type=\"container\" data-settings=\"{&quot;content_width&quot;:&quot;full&quot;}\">\n\t\t\t\t<div class=\"elementor-element elementor-element-6e44414 elementor-widget-mobile__width-inherit elementor-arrows-position-outside elementor-pagination-position-outside elementor-widget elementor-widget-image-carousel\" data-id=\"6e44414\" data-element_type=\"widget\" data-settings=\"{&quot;slides_to_show&quot;:&quot;1&quot;,&quot;autoplay&quot;:&quot;no&quot;,&quot;infinite&quot;:&quot;no&quot;,&quot;navigation&quot;:&quot;both&quot;,&quot;effect&quot;:&quot;slide&quot;,&quot;speed&quot;:500}\" data-widget_type=\"image-carousel.default\">\n\t\t\t\t<div class=\"elementor-widget-container\">\n\t\t\t<style>\/*! elementor - v3.18.0 - 20-12-2023 *\/\n.elementor-widget-image-carousel .swiper,.elementor-widget-image-carousel .swiper-container{position:static}.elementor-widget-image-carousel .swiper-container .swiper-slide figure,.elementor-widget-image-carousel .swiper .swiper-slide figure{line-height:inherit}.elementor-widget-image-carousel .swiper-slide{text-align:center}.elementor-image-carousel-wrapper:not(.swiper-container-initialized):not(.swiper-initialized) .swiper-slide{max-width:calc(100% \/ var(--e-image-carousel-slides-to-show, 3))}<\/style>\t\t<div class=\"elementor-image-carousel-wrapper swiper\" dir=\"ltr\">\n\t\t\t<div class=\"elementor-image-carousel swiper-wrapper\" aria-live=\"polite\">\n\t\t\t\t\t\t\t\t<div class=\"swiper-slide\" role=\"group\" aria-roledescription=\"slide\" aria-label=\"1 of 4\"><a data-elementor-open-lightbox=\"yes\" data-elementor-lightbox-slideshow=\"6e44414\" data-e-action-hash=\"#elementor-action%3Aaction%3Dlightbox%26settings%3DeyJpZCI6NTU4NSwidXJsIjoiaHR0cHM6XC9cL3d3dy5taXJqYW5hdm9kb3BpamEubmV0XC93cC1jb250ZW50XC91cGxvYWRzXC8wNS0xLTEtVmlicmF0aW5nLUxhbmRzY2FwZS5qcGciLCJzbGlkZXNob3ciOiI2ZTQ0NDE0In0%3D\" href=\"https:\/\/www.mirjanavodopija.net\/wp-content\/uploads\/05-1-1-Vibrating-Landscape.jpg\"><figure class=\"swiper-slide-inner\"><img decoding=\"async\" class=\"swiper-slide-image\" src=\"https:\/\/www.mirjanavodopija.net\/wp-content\/uploads\/05-1-1-Vibrating-Landscape-768x490.jpg\" alt=\"05-1-1-Vibrating-Landscape\" \/><\/figure><\/a><\/div><div class=\"swiper-slide\" role=\"group\" aria-roledescription=\"slide\" aria-label=\"2 of 4\"><a data-elementor-open-lightbox=\"yes\" data-elementor-lightbox-slideshow=\"6e44414\" data-e-action-hash=\"#elementor-action%3Aaction%3Dlightbox%26settings%3DeyJpZCI6NzQwMCwidXJsIjoiaHR0cHM6XC9cL3d3dy5taXJqYW5hdm9kb3BpamEubmV0XC93cC1jb250ZW50XC91cGxvYWRzXC8wNS0xLTItVmlicmF0aW5nLUxhbmRzY2FwZS5qcGciLCJzbGlkZXNob3ciOiI2ZTQ0NDE0In0%3D\" href=\"https:\/\/www.mirjanavodopija.net\/wp-content\/uploads\/05-1-2-Vibrating-Landscape.jpg\"><figure class=\"swiper-slide-inner\"><img decoding=\"async\" class=\"swiper-slide-image\" src=\"https:\/\/www.mirjanavodopija.net\/wp-content\/uploads\/05-1-2-Vibrating-Landscape-768x548.jpg\" alt=\"05-1-2-Vibrating-Landscape\" \/><\/figure><\/a><\/div><div class=\"swiper-slide\" role=\"group\" aria-roledescription=\"slide\" aria-label=\"3 of 4\"><a data-elementor-open-lightbox=\"yes\" data-elementor-lightbox-slideshow=\"6e44414\" data-e-action-hash=\"#elementor-action%3Aaction%3Dlightbox%26settings%3DeyJpZCI6NzQwMSwidXJsIjoiaHR0cHM6XC9cL3d3dy5taXJqYW5hdm9kb3BpamEubmV0XC93cC1jb250ZW50XC91cGxvYWRzXC8wNS0xLTMtVmlicmF0aW5nLUxhbmRzY2FwZS00LmpwZyIsInNsaWRlc2hvdyI6IjZlNDQ0MTQifQ%3D%3D\" href=\"https:\/\/www.mirjanavodopija.net\/wp-content\/uploads\/05-1-3-Vibrating-Landscape-4.jpg\"><figure class=\"swiper-slide-inner\"><img decoding=\"async\" class=\"swiper-slide-image\" src=\"https:\/\/www.mirjanavodopija.net\/wp-content\/uploads\/05-1-3-Vibrating-Landscape-4-768x512.jpg\" alt=\"05-1-3-Vibrating-Landscape-4\" \/><\/figure><\/a><\/div><div class=\"swiper-slide\" role=\"group\" aria-roledescription=\"slide\" aria-label=\"4 of 4\"><a data-elementor-open-lightbox=\"yes\" data-elementor-lightbox-slideshow=\"6e44414\" data-e-action-hash=\"#elementor-action%3Aaction%3Dlightbox%26settings%3DeyJpZCI6NzQwMiwidXJsIjoiaHR0cHM6XC9cL3d3dy5taXJqYW5hdm9kb3BpamEubmV0XC93cC1jb250ZW50XC91cGxvYWRzXC8wNS0xLTQtVmlicmF0aW5nLUxhbmRzY2FwZS1kZXRhbGouanBnIiwic2xpZGVzaG93IjoiNmU0NDQxNCJ9\" href=\"https:\/\/www.mirjanavodopija.net\/wp-content\/uploads\/05-1-4-Vibrating-Landscape-detalj.jpg\"><figure class=\"swiper-slide-inner\"><img decoding=\"async\" class=\"swiper-slide-image\" src=\"https:\/\/www.mirjanavodopija.net\/wp-content\/uploads\/05-1-4-Vibrating-Landscape-detalj-768x512.jpg\" alt=\"05-1-4-Vibrating-Landscape-detalj\" \/><\/figure><\/a><\/div>\t\t\t<\/div>\n\t\t\t\t\t\t\t\t\t\t\t\t<div class=\"elementor-swiper-button elementor-swiper-button-prev\" role=\"button\" tabindex=\"0\">\n\t\t\t\t\t\t<svg aria-hidden=\"true\" class=\"e-font-icon-svg e-eicon-chevron-left\" viewbox=\"0 0 1000 1000\" xmlns=\"http:\/\/www.w3.org\/2000\/svg\"><path d=\"M646 125C629 125 613 133 604 142L308 442C296 454 292 471 292 487 292 504 296 521 308 533L604 854C617 867 629 875 646 875 663 875 679 871 692 858 704 846 713 829 713 812 713 796 708 779 692 767L438 487 692 225C700 217 708 204 708 187 708 171 704 154 692 142 675 129 663 125 646 125Z\"><\/path><\/svg>\t\t\t\t\t<\/div>\n\t\t\t\t\t<div class=\"elementor-swiper-button elementor-swiper-button-next\" role=\"button\" tabindex=\"0\">\n\t\t\t\t\t\t<svg aria-hidden=\"true\" class=\"e-font-icon-svg e-eicon-chevron-right\" viewbox=\"0 0 1000 1000\" xmlns=\"http:\/\/www.w3.org\/2000\/svg\"><path d=\"M696 533C708 521 713 504 713 487 713 471 708 454 696 446L400 146C388 133 375 125 354 125 338 125 325 129 313 142 300 154 292 171 292 187 292 204 296 221 308 233L563 492 304 771C292 783 288 800 288 817 288 833 296 850 308 863 321 871 338 875 354 875 371 875 388 867 400 854L696 533Z\"><\/path><\/svg>\t\t\t\t\t<\/div>\n\t\t\t\t\n\t\t\t\t\t\t\t\t\t<div class=\"swiper-pagination\"><\/div>\n\t\t\t\t\t\t\t\t\t<\/div>\n\t\t\t\t<\/div>\n\t\t\t\t<\/div>\n\t\t\t\t<div class=\"elementor-element elementor-element-8c428fc elementor-hidden-mobile elementor-widget elementor-widget-menu-anchor\" data-id=\"8c428fc\" data-element_type=\"widget\" data-widget_type=\"menu-anchor.default\">\n\t\t\t\t<div class=\"elementor-widget-container\">\n\t\t\t<style>\/*! elementor - v3.18.0 - 20-12-2023 *\/\nbody.elementor-page .elementor-widget-menu-anchor{margin-bottom:0}<\/style>\t\t<div id=\"2\" class=\"elementor-menu-anchor\"><\/div>\n\t\t\t\t<\/div>\n\t\t\t\t<\/div>\n\t\t\t\t<\/div>\n\t\t\t\t\t<\/div>\n\t\t\t\t<\/div>\n\t\t\t\t<\/div>\n\t\t\t\t\t<\/div>\n\t\t\t\t<\/div>\n\t\t\t\t\t\t\t<\/div>","protected":false},"excerpt":{"rendered":"<p>Vibrating Landscape Vibrating Landscape 2018kinetic object; steel construction, electrical motors and electronic parts, elastic filaments220 x 106 x 40 cmThe [&hellip;]<\/p>","protected":false},"author":1,"featured_media":0,"parent":0,"menu_order":0,"comment_status":"closed","ping_status":"closed","template":"","meta":{"site-sidebar-layout":"no-sidebar","site-content-layout":"","ast-site-content-layout":"full-width-container","site-content-style":"default","site-sidebar-style":"default","ast-global-header-display":"","ast-banner-title-visibility":"","ast-main-header-display":"","ast-hfb-above-header-display":"","ast-hfb-below-header-display":"","ast-hfb-mobile-header-display":"","site-post-title":"disabled","ast-breadcrumbs-content":"","ast-featured-img":"disabled","footer-sml-layout":"","theme-transparent-header-meta":"","adv-header-id-meta":"","stick-header-meta":"","header-above-stick-meta":"","header-main-stick-meta":"","header-below-stick-meta":"","astra-migrate-meta-layouts":"default","ast-page-background-enabled":"default","ast-page-background-meta":{"desktop":{"background-color":"var(--ast-global-color-4)","background-image":"","background-repeat":"repeat","background-position":"center center","background-size":"auto","background-attachment":"scroll","background-type":"","background-media":"","overlay-type":"","overlay-color":"","overlay-gradient":""},"tablet":{"background-color":"","background-image":"","background-repeat":"repeat","background-position":"center center","background-size":"auto","background-attachment":"scroll","background-type":"","background-media":"","overlay-type":"","overlay-color":"","overlay-gradient":""},"mobile":{"background-color":"","background-image":"","background-repeat":"repeat","background-position":"center center","background-size":"auto","background-attachment":"scroll","background-type":"","background-media":"","overlay-type":"","overlay-color":"","overlay-gradient":""}},"ast-content-background-meta":{"desktop":{"background-color":"var(--ast-global-color-5)","background-image":"","background-repeat":"repeat","background-position":"center center","background-size":"auto","background-attachment":"scroll","background-type":"","background-media":"","overlay-type":"","overlay-color":"","overlay-gradient":""},"tablet":{"background-color":"var(--ast-global-color-5)","background-image":"","background-repeat":"repeat","background-position":"center center","background-size":"auto","background-attachment":"scroll","background-type":"","background-media":"","overlay-type":"","overlay-color":"","overlay-gradient":""},"mobile":{"background-color":"var(--ast-global-color-5)","background-image":"","background-repeat":"repeat","background-position":"center center","background-size":"auto","background-attachment":"scroll","background-type":"","background-media":"","overlay-type":"","overlay-color":"","overlay-gradient":""}},"footnotes":""},"categories":[],"tags":[],"_links":{"self":[{"href":"https:\/\/www.mirjanavodopija.net\/hr\/wp-json\/wp\/v2\/pages\/7394"}],"collection":[{"href":"https:\/\/www.mirjanavodopija.net\/hr\/wp-json\/wp\/v2\/pages"}],"about":[{"href":"https:\/\/www.mirjanavodopija.net\/hr\/wp-json\/wp\/v2\/types\/page"}],"author":[{"embeddable":true,"href":"https:\/\/www.mirjanavodopija.net\/hr\/wp-json\/wp\/v2\/users\/1"}],"replies":[{"embeddable":true,"href":"https:\/\/www.mirjanavodopija.net\/hr\/wp-json\/wp\/v2\/comments?post=7394"}],"version-history":[{"count":38,"href":"https:\/\/www.mirjanavodopija.net\/hr\/wp-json\/wp\/v2\/pages\/7394\/revisions"}],"predecessor-version":[{"id":9064,"href":"https:\/\/www.mirjanavodopija.net\/hr\/wp-json\/wp\/v2\/pages\/7394\/revisions\/9064"}],"wp:attachment":[{"href":"https:\/\/www.mirjanavodopija.net\/hr\/wp-json\/wp\/v2\/media?parent=7394"}],"wp:term":[{"taxonomy":"category","embeddable":true,"href":"https:\/\/www.mirjanavodopija.net\/hr\/wp-json\/wp\/v2\/categories?post=7394"},{"taxonomy":"post_tag","embeddable":true,"href":"https:\/\/www.mirjanavodopija.net\/hr\/wp-json\/wp\/v2\/tags?post=7394"}],"curies":[{"name":"wp","href":"https:\/\/api.w.org\/{rel}","templated":true}]}}